{"id":709,"date":"2025-09-09T08:22:37","date_gmt":"2025-09-09T08:22:37","guid":{"rendered":"https:\/\/nervous-montalcini.217-154-19-132.plesk.page\/?page_id=709"},"modified":"2025-09-15T10:10:36","modified_gmt":"2025-09-15T10:10:36","slug":"neuromoduladores","status":"publish","type":"page","link":"https:\/\/nervous-montalcini.217-154-19-132.plesk.page\/?page_id=709","title":{"rendered":"NEUROMODULADORES"},"content":{"rendered":"\t\t<div data-elementor-type=\"wp-page\" data-elementor-id=\"709\" class=\"elementor elementor-709\" data-elementor-post-type=\"page\">\n\t\t\t\t<div class=\"elementor-element elementor-element-f3badd4 e-flex e-con-boxed e-con e-parent\" data-id=\"f3badd4\" data-element_type=\"container\" data-settings=\"{&quot;background_background&quot;:&quot;classic&quot;}\">\n\t\t\t\t\t<div class=\"e-con-inner\">\n\t\t\t\t<div class=\"elementor-element elementor-element-a1db581 elementor-widget elementor-widget-text-editor\" data-id=\"a1db581\" data-element_type=\"widget\" data-widget_type=\"text-editor.default\">\n\t\t\t\t\t\t\t\t\t<p><a class=\"mayusculaserv\">NEUROMODULADORES<\/a><\/p>\t\t\t\t\t\t\t\t<\/div>\n\t\t\t\t\t<\/div>\n\t\t\t\t<\/div>\n\t\t<div class=\"elementor-element elementor-element-e2f237 e-flex e-con-boxed e-con e-parent\" data-id=\"e2f237\" data-element_type=\"container\" data-settings=\"{&quot;background_background&quot;:&quot;classic&quot;}\">\n\t\t\t\t\t<div class=\"e-con-inner\">\n\t\t\t\t<div class=\"elementor-element elementor-element-23f09e87 elementor-widget__width-initial animated-slow elementor-invisible elementor-widget elementor-widget-text-editor\" data-id=\"23f09e87\" data-element_type=\"widget\" data-settings=\"{&quot;_animation&quot;:&quot;fadeInRight&quot;}\" data-widget_type=\"text-editor.default\">\n\t\t\t\t\t\t\t\t\t<p class=\"p1\"><b>FRENTE &#8211; ENTRECEJO &#8211; PATAS DE GALLO<\/b><\/p>\t\t\t\t\t\t\t\t<\/div>\n\t\t\t\t\t<\/div>\n\t\t\t\t<\/div>\n\t\t<div class=\"elementor-element elementor-element-64af5663 e-flex e-con-boxed e-con e-parent\" data-id=\"64af5663\" data-element_type=\"container\">\n\t\t\t\t\t<div class=\"e-con-inner\">\n\t\t<div class=\"elementor-element elementor-element-1d1397a6 e-con-full e-flex e-con e-child\" data-id=\"1d1397a6\" data-element_type=\"container\">\n\t\t\t\t<div class=\"elementor-element elementor-element-24a3b5c2 elementor-widget elementor-widget-text-editor\" data-id=\"24a3b5c2\" data-element_type=\"widget\" data-widget_type=\"text-editor.default\">\n\t\t\t\t\t\t\t\t\t<p class=\"p1\">El tratamiento con neuromoduladores en Pamplona est\u00e1 indicado para relajar los m\u00fasculos faciales responsables de la formaci\u00f3n de arrugas din\u00e1micas, como las de la frente, el entrecejo o las conocidas patas de gallo.<\/p><p class=\"p1\">Con microinyecciones precisas, se logra suavizar las l\u00edneas de expresi\u00f3n sin alterar la naturalidad del rostro. Es un procedimiento m\u00ednimamente invasivo, seguro y muy demandado por quienes desean rejuvenecer su aspecto de forma r\u00e1pida y sin necesidad de cirug\u00eda.<\/p>\t\t\t\t\t\t\t\t<\/div>\n\t\t\t\t<\/div>\n\t\t<div class=\"elementor-element elementor-element-1b0a61e e-con-full e-flex e-con e-child\" data-id=\"1b0a61e\" data-element_type=\"container\" data-settings=\"{&quot;background_background&quot;:&quot;classic&quot;}\">\n\t\t\t\t<div class=\"elementor-element elementor-element-8733c40 elementor-widget elementor-widget-text-editor\" data-id=\"8733c40\" data-element_type=\"widget\" data-widget_type=\"text-editor.default\">\n\t\t\t\t\t\t\t\t\t<p class=\"p1\"><span class=\"s1\">Arrugas suavizadas<\/span>\u00a0<\/p><p class=\"p1\"><span class=\"s1\">Prevenci\u00f3n eficaz<\/span>\u00a0<\/p><p class=\"p1\"><span class=\"s1\">Efecto natural<\/span><\/p><p class=\"p1\"><span class=\"s1\">Resultados r\u00e1pidos<\/span><\/p>\t\t\t\t\t\t\t\t<\/div>\n\t\t\t\t<\/div>\n\t\t\t\t\t<\/div>\n\t\t\t\t<\/div>\n\t\t<div class=\"elementor-element elementor-element-780d09a9 e-flex e-con-boxed e-con e-parent\" data-id=\"780d09a9\" data-element_type=\"container\" data-settings=\"{&quot;background_background&quot;:&quot;classic&quot;}\">\n\t\t\t\t\t<div class=\"e-con-inner\">\n\t\t<div class=\"elementor-element elementor-element-475de614 e-con-full e-flex e-con e-child\" data-id=\"475de614\" data-element_type=\"container\">\n\t\t\t\t<div class=\"elementor-element elementor-element-33ce26a2 elementor-widget elementor-widget-text-editor\" data-id=\"33ce26a2\" data-element_type=\"widget\" data-widget_type=\"text-editor.default\">\n\t\t\t\t\t\t\t\t\t<p class=\"p1\">El tratamiento con neuromoduladores en Pamplona est\u00e1 indicado para relajar los m\u00fasculos faciales responsables de la formaci\u00f3n de arrugas din\u00e1micas, como las de la frente, el entrecejo o las conocidas patas de gallo.<\/p><p class=\"p1\">Con microinyecciones precisas, se logra suavizar las l\u00edneas de expresi\u00f3n sin alterar la naturalidad del rostro. Es un procedimiento m\u00ednimamente invasivo, seguro y muy demandado por quienes desean rejuvenecer su aspecto de forma r\u00e1pida y sin necesidad de cirug\u00eda.<\/p>\t\t\t\t\t\t\t\t<\/div>\n\t\t<div class=\"elementor-element elementor-element-30524e2a e-con-full e-flex e-con e-child\" data-id=\"30524e2a\" data-element_type=\"container\">\n\t\t\t\t<div class=\"elementor-element elementor-element-6e9bcad2 elementor-widget elementor-widget-button\" data-id=\"6e9bcad2\" data-element_type=\"widget\" data-widget_type=\"button.default\">\n\t\t\t\t\t\t\t\t\t\t<a class=\"elementor-button elementor-button-link elementor-size-sm\" href=\"https:\/\/nervous-montalcini.217-154-19-132.plesk.page\/?page_id=468\">\n\t\t\t\t\t\t<span class=\"elementor-button-content-wrapper\">\n\t\t\t\t\t\t\t\t\t<span class=\"elementor-button-text\">Cita<\/span>\n\t\t\t\t\t<\/span>\n\t\t\t\t\t<\/a>\n\t\t\t\t\t\t\t\t<\/div>\n\t\t\t\t<div class=\"elementor-element elementor-element-4187ff4d elementor-button-info elementor-widget elementor-widget-button\" data-id=\"4187ff4d\" data-element_type=\"widget\" data-widget_type=\"button.default\">\n\t\t\t\t\t\t\t\t\t\t<a class=\"elementor-button elementor-button-link elementor-size-sm\" href=\"tel:+34678105662\">\n\t\t\t\t\t\t<span class=\"elementor-button-content-wrapper\">\n\t\t\t\t\t\t\t\t\t<span class=\"elementor-button-text\">Llamar<\/span>\n\t\t\t\t\t<\/span>\n\t\t\t\t\t<\/a>\n\t\t\t\t\t\t\t\t<\/div>\n\t\t\t\t<\/div>\n\t\t\t\t<\/div>\n\t\t<div class=\"elementor-element elementor-element-dd36b98 e-flex e-con-boxed e-con e-child\" data-id=\"dd36b98\" data-element_type=\"container\">\n\t\t\t\t\t<div class=\"e-con-inner\">\n\t\t\t\t<div class=\"elementor-element elementor-element-745158c elementor-widget elementor-widget-image\" data-id=\"745158c\" data-element_type=\"widget\" data-widget_type=\"image.default\">\n\t\t\t\t\t\t\t\t\t\t\t\t\t\t\t<img fetchpriority=\"high\" decoding=\"async\" width=\"800\" height=\"534\" src=\"https:\/\/nervous-montalcini.217-154-19-132.plesk.page\/wp-content\/uploads\/2025\/09\/senior-woman-cosmetologist-during-the-procedure-2025-03-15-18-43-21-utc-1024x683.jpg\" class=\"attachment-large size-large wp-image-1034\" alt=\"\" srcset=\"https:\/\/nervous-montalcini.217-154-19-132.plesk.page\/wp-content\/uploads\/2025\/09\/senior-woman-cosmetologist-during-the-procedure-2025-03-15-18-43-21-utc-1024x683.jpg 1024w, https:\/\/nervous-montalcini.217-154-19-132.plesk.page\/wp-content\/uploads\/2025\/09\/senior-woman-cosmetologist-during-the-procedure-2025-03-15-18-43-21-utc-300x200.jpg 300w, https:\/\/nervous-montalcini.217-154-19-132.plesk.page\/wp-content\/uploads\/2025\/09\/senior-woman-cosmetologist-during-the-procedure-2025-03-15-18-43-21-utc-768x513.jpg 768w, https:\/\/nervous-montalcini.217-154-19-132.plesk.page\/wp-content\/uploads\/2025\/09\/senior-woman-cosmetologist-during-the-procedure-2025-03-15-18-43-21-utc-1536x1025.jpg 1536w, https:\/\/nervous-montalcini.217-154-19-132.plesk.page\/wp-content\/uploads\/2025\/09\/senior-woman-cosmetologist-during-the-procedure-2025-03-15-18-43-21-utc-2048x1367.jpg 2048w\" sizes=\"(max-width: 800px) 100vw, 800px\" \/>\t\t\t\t\t\t\t\t\t\t\t\t\t\t\t<\/div>\n\t\t\t\t\t<\/div>\n\t\t\t\t<\/div>\n\t\t\t\t\t<\/div>\n\t\t\t\t<\/div>\n\t\t\t\t<\/div>\n\t\t","protected":false},"excerpt":{"rendered":"<p>NEUROMODULADORES FRENTE &#8211; ENTRECEJO &#8211; PATAS DE GALLO El tratamiento con neuromoduladores en Pamplona est\u00e1 indicado para relajar los m\u00fasculos faciales responsables de la formaci\u00f3n de arrugas din\u00e1micas, como las de la frente, el entrecejo o las conocidas patas de gallo. Con microinyecciones precisas, se logra suavizar las l\u00edneas de expresi\u00f3n sin alterar la naturalidad [&hellip;]<\/p>\n","protected":false},"author":3,"featured_media":0,"parent":0,"menu_order":0,"comment_status":"closed","ping_status":"closed","template":"elementor_header_footer","meta":{"footnotes":""},"class_list":["post-709","page","type-page","status-publish","hentry"],"_links":{"self":[{"href":"https:\/\/nervous-montalcini.217-154-19-132.plesk.page\/index.php?rest_route=\/wp\/v2\/pages\/709","targetHints":{"allow":["GET"]}}],"collection":[{"href":"https:\/\/nervous-montalcini.217-154-19-132.plesk.page\/index.php?rest_route=\/wp\/v2\/pages"}],"about":[{"href":"https:\/\/nervous-montalcini.217-154-19-132.plesk.page\/index.php?rest_route=\/wp\/v2\/types\/page"}],"author":[{"embeddable":true,"href":"https:\/\/nervous-montalcini.217-154-19-132.plesk.page\/index.php?rest_route=\/wp\/v2\/users\/3"}],"replies":[{"embeddable":true,"href":"https:\/\/nervous-montalcini.217-154-19-132.plesk.page\/index.php?rest_route=%2Fwp%2Fv2%2Fcomments&post=709"}],"version-history":[{"count":16,"href":"https:\/\/nervous-montalcini.217-154-19-132.plesk.page\/index.php?rest_route=\/wp\/v2\/pages\/709\/revisions"}],"predecessor-version":[{"id":1370,"href":"https:\/\/nervous-montalcini.217-154-19-132.plesk.page\/index.php?rest_route=\/wp\/v2\/pages\/709\/revisions\/1370"}],"wp:attachment":[{"href":"https:\/\/nervous-montalcini.217-154-19-132.plesk.page\/index.php?rest_route=%2Fwp%2Fv2%2Fmedia&parent=709"}],"curies":[{"name":"wp","href":"https:\/\/api.w.org\/{rel}","templated":true}]}}