{"id":1345,"date":"2025-09-15T10:03:06","date_gmt":"2025-09-15T10:03:06","guid":{"rendered":"https:\/\/nervous-montalcini.217-154-19-132.plesk.page\/?page_id=1345"},"modified":"2025-09-15T11:03:53","modified_gmt":"2025-09-15T11:03:53","slug":"masajes-drenantes-postoperatorios","status":"publish","type":"page","link":"https:\/\/nervous-montalcini.217-154-19-132.plesk.page\/?page_id=1345","title":{"rendered":"MASAJES DRENANTES POSTOPERATORIOS"},"content":{"rendered":"\t\t<div data-elementor-type=\"wp-page\" data-elementor-id=\"1345\" class=\"elementor elementor-1345\" data-elementor-post-type=\"page\">\n\t\t\t\t<div class=\"elementor-element elementor-element-11455e66 e-flex e-con-boxed e-con e-parent\" data-id=\"11455e66\" data-element_type=\"container\" data-settings=\"{&quot;background_background&quot;:&quot;classic&quot;}\">\n\t\t\t\t\t<div class=\"e-con-inner\">\n\t\t\t\t<div class=\"elementor-element elementor-element-20490fc5 elementor-widget elementor-widget-text-editor\" data-id=\"20490fc5\" data-element_type=\"widget\" data-widget_type=\"text-editor.default\">\n\t\t\t\t\t\t\t\t\t<p>Masajes drenantes postoperatorios<\/p>\t\t\t\t\t\t\t\t<\/div>\n\t\t\t\t\t<\/div>\n\t\t\t\t<\/div>\n\t\t<div class=\"elementor-element elementor-element-5dbf8649 e-flex e-con-boxed e-con e-parent\" data-id=\"5dbf8649\" data-element_type=\"container\" data-settings=\"{&quot;background_background&quot;:&quot;classic&quot;}\">\n\t\t\t\t\t<div class=\"e-con-inner\">\n\t\t\t\t<div class=\"elementor-element elementor-element-3a46bd46 animated-slow elementor-widget__width-initial elementor-invisible elementor-widget elementor-widget-text-editor\" data-id=\"3a46bd46\" data-element_type=\"widget\" data-settings=\"{&quot;_animation&quot;:&quot;fadeInRight&quot;}\" data-widget_type=\"text-editor.default\">\n\t\t\t\t\t\t\t\t\t<p>recuperaci\u00f3n corporal<\/p>\t\t\t\t\t\t\t\t<\/div>\n\t\t\t\t\t<\/div>\n\t\t\t\t<\/div>\n\t\t<div class=\"elementor-element elementor-element-6939d4d1 e-flex e-con-boxed e-con e-parent\" data-id=\"6939d4d1\" data-element_type=\"container\">\n\t\t\t\t\t<div class=\"e-con-inner\">\n\t\t<div class=\"elementor-element elementor-element-126a5252 e-con-full e-flex e-con e-child\" data-id=\"126a5252\" data-element_type=\"container\">\n\t\t\t\t<div class=\"elementor-element elementor-element-2a4da2fb elementor-widget elementor-widget-text-editor\" data-id=\"2a4da2fb\" data-element_type=\"widget\" data-widget_type=\"text-editor.default\">\n\t\t\t\t\t\t\t\t\t<p>Los masajes drenantes postoperatorios son fundamentales tras cirug\u00edas est\u00e9ticas o reparadoras, ya que favorecen la recuperaci\u00f3n, reducen la inflamaci\u00f3n y ayudan a que los resultados sean m\u00e1s efectivos.<\/p>\t\t\t\t\t\t\t\t<\/div>\n\t\t\t\t<\/div>\n\t\t<div class=\"elementor-element elementor-element-7f65bff2 e-con-full e-flex e-con e-child\" data-id=\"7f65bff2\" data-element_type=\"container\" data-settings=\"{&quot;background_background&quot;:&quot;classic&quot;}\">\n\t\t\t\t<div class=\"elementor-element elementor-element-4e9abfd0 elementor-widget elementor-widget-text-editor\" data-id=\"4e9abfd0\" data-element_type=\"widget\" data-widget_type=\"text-editor.default\">\n\t\t\t\t\t\t\t\t\t<p class=\"p1\">Recuperaci\u00f3n r\u00e1pida<\/p><p class=\"p1\">Drenaje eficaz<\/p><p class=\"p1\">Cicatrizaci\u00f3n mejorada<\/p><p class=\"p1\">Tratamiento seguro<\/p>\t\t\t\t\t\t\t\t<\/div>\n\t\t\t\t<\/div>\n\t\t\t\t\t<\/div>\n\t\t\t\t<\/div>\n\t\t<div class=\"elementor-element elementor-element-59b5f54b e-flex e-con-boxed e-con e-parent\" data-id=\"59b5f54b\" data-element_type=\"container\" data-settings=\"{&quot;background_background&quot;:&quot;classic&quot;}\">\n\t\t\t\t\t<div class=\"e-con-inner\">\n\t\t<div class=\"elementor-element elementor-element-38d145c6 e-con-full e-flex e-con e-child\" data-id=\"38d145c6\" data-element_type=\"container\">\n\t\t\t\t<div class=\"elementor-element elementor-element-1f34f88b elementor-widget elementor-widget-text-editor\" data-id=\"1f34f88b\" data-element_type=\"widget\" data-widget_type=\"text-editor.default\">\n\t\t\t\t\t\t\t\t\t<p>Este tratamiento se centra en realizar maniobras suaves y precisas sobre las zonas tratadas quir\u00fargicamente, estimulando el sistema linf\u00e1tico para acelerar la eliminaci\u00f3n de l\u00edquidos y toxinas. En nuestra cl\u00ednica est\u00e9tica en Pamplona, los masajes postoperatorios son personalizados seg\u00fan el tipo de intervenci\u00f3n, asegurando una recuperaci\u00f3n m\u00e1s c\u00f3moda, r\u00e1pida y segura.<\/p>\t\t\t\t\t\t\t\t<\/div>\n\t\t<div class=\"elementor-element elementor-element-95221b5 e-con-full e-flex e-con e-child\" data-id=\"95221b5\" data-element_type=\"container\">\n\t\t\t\t<div class=\"elementor-element elementor-element-40d70b6a elementor-widget elementor-widget-button\" data-id=\"40d70b6a\" data-element_type=\"widget\" data-widget_type=\"button.default\">\n\t\t\t\t\t\t\t\t\t\t<a class=\"elementor-button elementor-button-link elementor-size-sm\" href=\"https:\/\/nervous-montalcini.217-154-19-132.plesk.page\/?page_id=468\">\n\t\t\t\t\t\t<span class=\"elementor-button-content-wrapper\">\n\t\t\t\t\t\t\t\t\t<span class=\"elementor-button-text\">CITA<\/span>\n\t\t\t\t\t<\/span>\n\t\t\t\t\t<\/a>\n\t\t\t\t\t\t\t\t<\/div>\n\t\t\t\t<div class=\"elementor-element elementor-element-197345d4 elementor-button-info elementor-widget elementor-widget-button\" data-id=\"197345d4\" data-element_type=\"widget\" data-widget_type=\"button.default\">\n\t\t\t\t\t\t\t\t\t\t<a class=\"elementor-button elementor-button-link elementor-size-sm\" href=\"tel:+34678105662\">\n\t\t\t\t\t\t<span class=\"elementor-button-content-wrapper\">\n\t\t\t\t\t\t\t\t\t<span class=\"elementor-button-text\">LLAMAR<\/span>\n\t\t\t\t\t<\/span>\n\t\t\t\t\t<\/a>\n\t\t\t\t\t\t\t\t<\/div>\n\t\t\t\t<\/div>\n\t\t\t\t<\/div>\n\t\t<div class=\"elementor-element elementor-element-30f30f2 e-con-full e-flex e-con e-child\" data-id=\"30f30f2\" data-element_type=\"container\">\n\t\t\t\t<div class=\"elementor-element elementor-element-a270034 elementor-widget elementor-widget-image\" data-id=\"a270034\" data-element_type=\"widget\" data-widget_type=\"image.default\">\n\t\t\t\t\t\t\t\t\t\t\t\t\t\t\t<img fetchpriority=\"high\" decoding=\"async\" width=\"2560\" height=\"2560\" src=\"https:\/\/nervous-montalcini.217-154-19-132.plesk.page\/wp-content\/uploads\/2025\/09\/girl-on-the-couch-at-the-beautician-2025-02-10-10-03-45-utc-scaled.jpg\" class=\"attachment-full size-full wp-image-448\" alt=\"\" srcset=\"https:\/\/nervous-montalcini.217-154-19-132.plesk.page\/wp-content\/uploads\/2025\/09\/girl-on-the-couch-at-the-beautician-2025-02-10-10-03-45-utc-scaled.jpg 2560w, https:\/\/nervous-montalcini.217-154-19-132.plesk.page\/wp-content\/uploads\/2025\/09\/girl-on-the-couch-at-the-beautician-2025-02-10-10-03-45-utc-300x300.jpg 300w, https:\/\/nervous-montalcini.217-154-19-132.plesk.page\/wp-content\/uploads\/2025\/09\/girl-on-the-couch-at-the-beautician-2025-02-10-10-03-45-utc-1024x1024.jpg 1024w, https:\/\/nervous-montalcini.217-154-19-132.plesk.page\/wp-content\/uploads\/2025\/09\/girl-on-the-couch-at-the-beautician-2025-02-10-10-03-45-utc-150x150.jpg 150w, https:\/\/nervous-montalcini.217-154-19-132.plesk.page\/wp-content\/uploads\/2025\/09\/girl-on-the-couch-at-the-beautician-2025-02-10-10-03-45-utc-768x768.jpg 768w, https:\/\/nervous-montalcini.217-154-19-132.plesk.page\/wp-content\/uploads\/2025\/09\/girl-on-the-couch-at-the-beautician-2025-02-10-10-03-45-utc-1536x1536.jpg 1536w, https:\/\/nervous-montalcini.217-154-19-132.plesk.page\/wp-content\/uploads\/2025\/09\/girl-on-the-couch-at-the-beautician-2025-02-10-10-03-45-utc-2048x2048.jpg 2048w\" sizes=\"(max-width: 2560px) 100vw, 2560px\" \/>\t\t\t\t\t\t\t\t\t\t\t\t\t\t\t<\/div>\n\t\t\t\t<\/div>\n\t\t\t\t\t<\/div>\n\t\t\t\t<\/div>\n\t\t\t\t<\/div>\n\t\t","protected":false},"excerpt":{"rendered":"<p>Masajes drenantes postoperatorios recuperaci\u00f3n corporal Los masajes drenantes postoperatorios son fundamentales tras cirug\u00edas est\u00e9ticas o reparadoras, ya que favorecen la recuperaci\u00f3n, reducen la inflamaci\u00f3n y ayudan a que los resultados sean m\u00e1s efectivos. Recuperaci\u00f3n r\u00e1pida Drenaje eficaz Cicatrizaci\u00f3n mejorada Tratamiento seguro Este tratamiento se centra en realizar maniobras suaves y precisas sobre las zonas tratadas [&hellip;]<\/p>\n","protected":false},"author":3,"featured_media":0,"parent":0,"menu_order":0,"comment_status":"closed","ping_status":"closed","template":"elementor_header_footer","meta":{"footnotes":""},"class_list":["post-1345","page","type-page","status-publish","hentry"],"_links":{"self":[{"href":"https:\/\/nervous-montalcini.217-154-19-132.plesk.page\/index.php?rest_route=\/wp\/v2\/pages\/1345","targetHints":{"allow":["GET"]}}],"collection":[{"href":"https:\/\/nervous-montalcini.217-154-19-132.plesk.page\/index.php?rest_route=\/wp\/v2\/pages"}],"about":[{"href":"https:\/\/nervous-montalcini.217-154-19-132.plesk.page\/index.php?rest_route=\/wp\/v2\/types\/page"}],"author":[{"embeddable":true,"href":"https:\/\/nervous-montalcini.217-154-19-132.plesk.page\/index.php?rest_route=\/wp\/v2\/users\/3"}],"replies":[{"embeddable":true,"href":"https:\/\/nervous-montalcini.217-154-19-132.plesk.page\/index.php?rest_route=%2Fwp%2Fv2%2Fcomments&post=1345"}],"version-history":[{"count":8,"href":"https:\/\/nervous-montalcini.217-154-19-132.plesk.page\/index.php?rest_route=\/wp\/v2\/pages\/1345\/revisions"}],"predecessor-version":[{"id":1511,"href":"https:\/\/nervous-montalcini.217-154-19-132.plesk.page\/index.php?rest_route=\/wp\/v2\/pages\/1345\/revisions\/1511"}],"wp:attachment":[{"href":"https:\/\/nervous-montalcini.217-154-19-132.plesk.page\/index.php?rest_route=%2Fwp%2Fv2%2Fmedia&parent=1345"}],"curies":[{"name":"wp","href":"https:\/\/api.w.org\/{rel}","templated":true}]}}