{"id":1291,"date":"2025-09-15T09:22:28","date_gmt":"2025-09-15T09:22:28","guid":{"rendered":"https:\/\/nervous-montalcini.217-154-19-132.plesk.page\/?page_id=1291"},"modified":"2025-09-15T11:03:02","modified_gmt":"2025-09-15T11:03:02","slug":"exosomas","status":"publish","type":"page","link":"https:\/\/nervous-montalcini.217-154-19-132.plesk.page\/?page_id=1291","title":{"rendered":"EXOSOMAS"},"content":{"rendered":"\t\t<div data-elementor-type=\"wp-page\" data-elementor-id=\"1291\" class=\"elementor elementor-1291\" data-elementor-post-type=\"page\">\n\t\t\t\t<div class=\"elementor-element elementor-element-2611b9eb e-flex e-con-boxed e-con e-parent\" data-id=\"2611b9eb\" data-element_type=\"container\" data-settings=\"{&quot;background_background&quot;:&quot;classic&quot;}\">\n\t\t\t\t\t<div class=\"e-con-inner\">\n\t\t\t\t<div class=\"elementor-element elementor-element-4120b06a elementor-widget elementor-widget-text-editor\" data-id=\"4120b06a\" data-element_type=\"widget\" data-widget_type=\"text-editor.default\">\n\t\t\t\t\t\t\t\t\t<p>Exosomas<\/p>\t\t\t\t\t\t\t\t<\/div>\n\t\t\t\t\t<\/div>\n\t\t\t\t<\/div>\n\t\t<div class=\"elementor-element elementor-element-451b2dd6 e-flex e-con-boxed e-con e-parent\" data-id=\"451b2dd6\" data-element_type=\"container\" data-settings=\"{&quot;background_background&quot;:&quot;classic&quot;}\">\n\t\t\t\t\t<div class=\"e-con-inner\">\n\t\t\t\t<div class=\"elementor-element elementor-element-e35f617 animated-slow elementor-widget__width-initial elementor-invisible elementor-widget elementor-widget-text-editor\" data-id=\"e35f617\" data-element_type=\"widget\" data-settings=\"{&quot;_animation&quot;:&quot;fadeInRight&quot;}\" data-widget_type=\"text-editor.default\">\n\t\t\t\t\t\t\t\t\t<p><strong><a class=\"mayus\">ROSTRO &#8211; CUERO CABELLUDO<\/a><\/strong><\/p>\t\t\t\t\t\t\t\t<\/div>\n\t\t\t\t\t<\/div>\n\t\t\t\t<\/div>\n\t\t<div class=\"elementor-element elementor-element-5bb6dccf e-flex e-con-boxed e-con e-parent\" data-id=\"5bb6dccf\" data-element_type=\"container\">\n\t\t\t\t\t<div class=\"e-con-inner\">\n\t\t<div class=\"elementor-element elementor-element-6d4d6d1f e-con-full e-flex e-con e-child\" data-id=\"6d4d6d1f\" data-element_type=\"container\">\n\t\t\t\t<div class=\"elementor-element elementor-element-6ef7e15e elementor-widget elementor-widget-text-editor\" data-id=\"6ef7e15e\" data-element_type=\"widget\" data-widget_type=\"text-editor.default\">\n\t\t\t\t\t\t\t\t\t<p>Los exosomas son ves\u00edculas extracelulares con gran capacidad regeneradora que estimulan la reparaci\u00f3n celular y la producci\u00f3n de col\u00e1geno. En nuestra cl\u00ednica est\u00e9tica en Pamplona los aplicamos en tratamientos faciales para mejorar textura, firmeza y luminosidad, as\u00ed como en el cuero cabelludo para fortalecer el fol\u00edculo y combatir la ca\u00edda del cabello.<\/p>\t\t\t\t\t\t\t\t<\/div>\n\t\t\t\t<\/div>\n\t\t<div class=\"elementor-element elementor-element-496a467c e-con-full e-flex e-con e-child\" data-id=\"496a467c\" data-element_type=\"container\" data-settings=\"{&quot;background_background&quot;:&quot;classic&quot;}\">\n\t\t\t\t<div class=\"elementor-element elementor-element-1a7e8a60 elementor-widget elementor-widget-text-editor\" data-id=\"1a7e8a60\" data-element_type=\"widget\" data-widget_type=\"text-editor.default\">\n\t\t\t\t\t\t\t\t\t<p class=\"p1\">Regeneraci\u00f3n celular<\/p><p class=\"p1\">Crecimiento capilar<\/p><p class=\"p1\">Efecto reparador<\/p><p class=\"p1\">Tratamiento avanzado<\/p>\t\t\t\t\t\t\t\t<\/div>\n\t\t\t\t<\/div>\n\t\t\t\t\t<\/div>\n\t\t\t\t<\/div>\n\t\t<div class=\"elementor-element elementor-element-5a18d37b e-flex e-con-boxed e-con e-parent\" data-id=\"5a18d37b\" data-element_type=\"container\" data-settings=\"{&quot;background_background&quot;:&quot;classic&quot;}\">\n\t\t\t\t\t<div class=\"e-con-inner\">\n\t\t<div class=\"elementor-element elementor-element-1a9367c9 e-con-full e-flex e-con e-child\" data-id=\"1a9367c9\" data-element_type=\"container\">\n\t\t\t\t<div class=\"elementor-element elementor-element-165c71b7 elementor-widget elementor-widget-text-editor\" data-id=\"165c71b7\" data-element_type=\"widget\" data-widget_type=\"text-editor.default\">\n\t\t\t\t\t\t\t\t\t<p>Los hilos tensores de polidioxanona o \u00e1cido polil\u00e1ctico son una t\u00e9cnica m\u00ednimamente invasiva que permite mejorar la flacidez leve o moderada del rostro y cuello sin necesidad de bistur\u00ed. Act\u00faan en dos fases: primero producen un efecto tensor inmediato, y despu\u00e9s estimulan la producci\u00f3n de col\u00e1geno para prolongar los resultados de forma progresiva y natural. La recuperaci\u00f3n es r\u00e1pida y el resultado, un rostro m\u00e1s definido, firme y rejuvenecido sin alterar tu identidad.<\/p>\t\t\t\t\t\t\t\t<\/div>\n\t\t<div class=\"elementor-element elementor-element-1dc63823 e-con-full e-flex e-con e-child\" data-id=\"1dc63823\" data-element_type=\"container\">\n\t\t\t\t<div class=\"elementor-element elementor-element-4f31dda5 elementor-widget elementor-widget-button\" data-id=\"4f31dda5\" data-element_type=\"widget\" data-widget_type=\"button.default\">\n\t\t\t\t\t\t\t\t\t\t<a class=\"elementor-button elementor-button-link elementor-size-sm\" href=\"https:\/\/nervous-montalcini.217-154-19-132.plesk.page\/?page_id=468\">\n\t\t\t\t\t\t<span class=\"elementor-button-content-wrapper\">\n\t\t\t\t\t\t\t\t\t<span class=\"elementor-button-text\">CITA<\/span>\n\t\t\t\t\t<\/span>\n\t\t\t\t\t<\/a>\n\t\t\t\t\t\t\t\t<\/div>\n\t\t\t\t<div class=\"elementor-element elementor-element-3f444101 elementor-button-info elementor-widget elementor-widget-button\" data-id=\"3f444101\" data-element_type=\"widget\" data-widget_type=\"button.default\">\n\t\t\t\t\t\t\t\t\t\t<a class=\"elementor-button elementor-button-link elementor-size-sm\" href=\"tel:+34678105662\">\n\t\t\t\t\t\t<span class=\"elementor-button-content-wrapper\">\n\t\t\t\t\t\t\t\t\t<span class=\"elementor-button-text\">LLAMAR<\/span>\n\t\t\t\t\t<\/span>\n\t\t\t\t\t<\/a>\n\t\t\t\t\t\t\t\t<\/div>\n\t\t\t\t<\/div>\n\t\t\t\t<\/div>\n\t\t<div class=\"elementor-element elementor-element-3d8454cb e-con-full e-flex e-con e-child\" data-id=\"3d8454cb\" data-element_type=\"container\">\n\t\t\t\t<div class=\"elementor-element elementor-element-7fda334e elementor-widget elementor-widget-image\" data-id=\"7fda334e\" data-element_type=\"widget\" data-widget_type=\"image.default\">\n\t\t\t\t\t\t\t\t\t\t\t\t\t\t\t<img fetchpriority=\"high\" decoding=\"async\" width=\"2560\" height=\"2560\" src=\"https:\/\/nervous-montalcini.217-154-19-132.plesk.page\/wp-content\/uploads\/2025\/09\/girl-on-the-couch-at-the-beautician-2025-02-10-10-03-45-utc-scaled.jpg\" class=\"attachment-full size-full wp-image-448\" alt=\"\" srcset=\"https:\/\/nervous-montalcini.217-154-19-132.plesk.page\/wp-content\/uploads\/2025\/09\/girl-on-the-couch-at-the-beautician-2025-02-10-10-03-45-utc-scaled.jpg 2560w, https:\/\/nervous-montalcini.217-154-19-132.plesk.page\/wp-content\/uploads\/2025\/09\/girl-on-the-couch-at-the-beautician-2025-02-10-10-03-45-utc-300x300.jpg 300w, https:\/\/nervous-montalcini.217-154-19-132.plesk.page\/wp-content\/uploads\/2025\/09\/girl-on-the-couch-at-the-beautician-2025-02-10-10-03-45-utc-1024x1024.jpg 1024w, https:\/\/nervous-montalcini.217-154-19-132.plesk.page\/wp-content\/uploads\/2025\/09\/girl-on-the-couch-at-the-beautician-2025-02-10-10-03-45-utc-150x150.jpg 150w, https:\/\/nervous-montalcini.217-154-19-132.plesk.page\/wp-content\/uploads\/2025\/09\/girl-on-the-couch-at-the-beautician-2025-02-10-10-03-45-utc-768x768.jpg 768w, https:\/\/nervous-montalcini.217-154-19-132.plesk.page\/wp-content\/uploads\/2025\/09\/girl-on-the-couch-at-the-beautician-2025-02-10-10-03-45-utc-1536x1536.jpg 1536w, https:\/\/nervous-montalcini.217-154-19-132.plesk.page\/wp-content\/uploads\/2025\/09\/girl-on-the-couch-at-the-beautician-2025-02-10-10-03-45-utc-2048x2048.jpg 2048w\" sizes=\"(max-width: 2560px) 100vw, 2560px\" \/>\t\t\t\t\t\t\t\t\t\t\t\t\t\t\t<\/div>\n\t\t\t\t<\/div>\n\t\t\t\t\t<\/div>\n\t\t\t\t<\/div>\n\t\t\t\t<\/div>\n\t\t","protected":false},"excerpt":{"rendered":"<p>Exosomas ROSTRO &#8211; CUERO CABELLUDO Los exosomas son ves\u00edculas extracelulares con gran capacidad regeneradora que estimulan la reparaci\u00f3n celular y la producci\u00f3n de col\u00e1geno. En nuestra cl\u00ednica est\u00e9tica en Pamplona los aplicamos en tratamientos faciales para mejorar textura, firmeza y luminosidad, as\u00ed como en el cuero cabelludo para fortalecer el fol\u00edculo y combatir la ca\u00edda [&hellip;]<\/p>\n","protected":false},"author":3,"featured_media":0,"parent":0,"menu_order":0,"comment_status":"closed","ping_status":"closed","template":"","meta":{"footnotes":""},"class_list":["post-1291","page","type-page","status-publish","hentry"],"_links":{"self":[{"href":"https:\/\/nervous-montalcini.217-154-19-132.plesk.page\/index.php?rest_route=\/wp\/v2\/pages\/1291","targetHints":{"allow":["GET"]}}],"collection":[{"href":"https:\/\/nervous-montalcini.217-154-19-132.plesk.page\/index.php?rest_route=\/wp\/v2\/pages"}],"about":[{"href":"https:\/\/nervous-montalcini.217-154-19-132.plesk.page\/index.php?rest_route=\/wp\/v2\/types\/page"}],"author":[{"embeddable":true,"href":"https:\/\/nervous-montalcini.217-154-19-132.plesk.page\/index.php?rest_route=\/wp\/v2\/users\/3"}],"replies":[{"embeddable":true,"href":"https:\/\/nervous-montalcini.217-154-19-132.plesk.page\/index.php?rest_route=%2Fwp%2Fv2%2Fcomments&post=1291"}],"version-history":[{"count":8,"href":"https:\/\/nervous-montalcini.217-154-19-132.plesk.page\/index.php?rest_route=\/wp\/v2\/pages\/1291\/revisions"}],"predecessor-version":[{"id":1507,"href":"https:\/\/nervous-montalcini.217-154-19-132.plesk.page\/index.php?rest_route=\/wp\/v2\/pages\/1291\/revisions\/1507"}],"wp:attachment":[{"href":"https:\/\/nervous-montalcini.217-154-19-132.plesk.page\/index.php?rest_route=%2Fwp%2Fv2%2Fmedia&parent=1291"}],"curies":[{"name":"wp","href":"https:\/\/api.w.org\/{rel}","templated":true}]}}