{"id":1224,"date":"2025-09-12T11:12:25","date_gmt":"2025-09-12T11:12:25","guid":{"rendered":"https:\/\/nervous-montalcini.217-154-19-132.plesk.page\/?page_id=1224"},"modified":"2025-09-15T10:18:32","modified_gmt":"2025-09-15T10:18:32","slug":"estimuladores-de-colageno","status":"publish","type":"page","link":"https:\/\/nervous-montalcini.217-154-19-132.plesk.page\/?page_id=1224","title":{"rendered":"ESTIMULADORES DE COL\u00c1GENO"},"content":{"rendered":"\t\t<div data-elementor-type=\"wp-page\" data-elementor-id=\"1224\" class=\"elementor elementor-1224\" data-elementor-post-type=\"page\">\n\t\t\t\t<div class=\"elementor-element elementor-element-6efbf531 e-flex e-con-boxed e-con e-parent\" data-id=\"6efbf531\" data-element_type=\"container\" data-settings=\"{&quot;background_background&quot;:&quot;classic&quot;}\">\n\t\t\t\t\t<div class=\"e-con-inner\">\n\t\t\t\t<div class=\"elementor-element elementor-element-6b9307f4 elementor-widget elementor-widget-text-editor\" data-id=\"6b9307f4\" data-element_type=\"widget\" data-widget_type=\"text-editor.default\">\n\t\t\t\t\t\t\t\t\t<p>Estimuladores de col\u00e1geno<\/p>\t\t\t\t\t\t\t\t<\/div>\n\t\t\t\t\t<\/div>\n\t\t\t\t<\/div>\n\t\t<div class=\"elementor-element elementor-element-2eeb738e e-flex e-con-boxed e-con e-parent\" data-id=\"2eeb738e\" data-element_type=\"container\" data-settings=\"{&quot;background_background&quot;:&quot;classic&quot;}\">\n\t\t\t\t\t<div class=\"e-con-inner\">\n\t\t\t\t<div class=\"elementor-element elementor-element-7458e8f0 animated-slow elementor-widget__width-initial elementor-invisible elementor-widget elementor-widget-text-editor\" data-id=\"7458e8f0\" data-element_type=\"widget\" data-settings=\"{&quot;_animation&quot;:&quot;fadeInRight&quot;}\" data-widget_type=\"text-editor.default\">\n\t\t\t\t\t\t\t\t\t<p><strong><a class=\"mayus\">ROSTRO &#8211; CUELLO<\/a><\/strong><\/p>\t\t\t\t\t\t\t\t<\/div>\n\t\t\t\t\t<\/div>\n\t\t\t\t<\/div>\n\t\t<div class=\"elementor-element elementor-element-3cd4ea45 e-flex e-con-boxed e-con e-parent\" data-id=\"3cd4ea45\" data-element_type=\"container\">\n\t\t\t\t\t<div class=\"e-con-inner\">\n\t\t<div class=\"elementor-element elementor-element-36882dd2 e-con-full e-flex e-con e-child\" data-id=\"36882dd2\" data-element_type=\"container\">\n\t\t\t\t<div class=\"elementor-element elementor-element-4db77ee9 elementor-widget elementor-widget-text-editor\" data-id=\"4db77ee9\" data-element_type=\"widget\" data-widget_type=\"text-editor.default\">\n\t\t\t\t\t\t\t\t\t<p>Los estimuladores de col\u00e1geno en Pamplona son tratamientos avanzados que activan la producci\u00f3n natural de col\u00e1geno en la piel. Est\u00e1n indicados para combatir la flacidez, mejorar la calidad de la piel y devolver firmeza al rostro y al cuello. A diferencia de los rellenos, no buscan aportar volumen inmediato, sino un rejuvenecimiento progresivo y duradero gracias a la bioestimulaci\u00f3n. Son ideales para pacientes que desean un resultado natural, seguro y de larga duraci\u00f3n.<\/p>\t\t\t\t\t\t\t\t<\/div>\n\t\t\t\t<\/div>\n\t\t<div class=\"elementor-element elementor-element-3e992b1b e-con-full e-flex e-con e-child\" data-id=\"3e992b1b\" data-element_type=\"container\" data-settings=\"{&quot;background_background&quot;:&quot;classic&quot;}\">\n\t\t\t\t<div class=\"elementor-element elementor-element-376c2cb2 elementor-widget elementor-widget-text-editor\" data-id=\"376c2cb2\" data-element_type=\"widget\" data-widget_type=\"text-editor.default\">\n\t\t\t\t\t\t\t\t\t<p>Col\u00e1geno activado\u00a0<\/p><p>Resultados progresivos<\/p><p>Tratamiento seguro<\/p><p>Efecto natural<\/p>\t\t\t\t\t\t\t\t<\/div>\n\t\t\t\t<\/div>\n\t\t\t\t\t<\/div>\n\t\t\t\t<\/div>\n\t\t<div class=\"elementor-element elementor-element-6cfbf8dc e-flex e-con-boxed e-con e-parent\" data-id=\"6cfbf8dc\" data-element_type=\"container\" data-settings=\"{&quot;background_background&quot;:&quot;classic&quot;}\">\n\t\t\t\t\t<div class=\"e-con-inner\">\n\t\t<div class=\"elementor-element elementor-element-4e67ce62 e-con-full e-flex e-con e-child\" data-id=\"4e67ce62\" data-element_type=\"container\">\n\t\t\t\t<div class=\"elementor-element elementor-element-7fa2841 elementor-widget elementor-widget-text-editor\" data-id=\"7fa2841\" data-element_type=\"widget\" data-widget_type=\"text-editor.default\">\n\t\t\t\t\t\t\t\t\t<p>Este tratamiento se realiza mediante la infiltraci\u00f3n de sustancias bioestimulantes como la hidroxiapatita c\u00e1lcica o el \u00e1cido polil\u00e1ctico. En nuestra cl\u00ednica est\u00e9tica en Pamplona dise\u00f1amos protocolos personalizados que permiten mejorar la firmeza y la elasticidad de la piel de forma progresiva<\/p>\t\t\t\t\t\t\t\t<\/div>\n\t\t<div class=\"elementor-element elementor-element-635b137 e-con-full e-flex e-con e-child\" data-id=\"635b137\" data-element_type=\"container\">\n\t\t\t\t<div class=\"elementor-element elementor-element-14dbe365 elementor-widget elementor-widget-button\" data-id=\"14dbe365\" data-element_type=\"widget\" data-widget_type=\"button.default\">\n\t\t\t\t\t\t\t\t\t\t<a class=\"elementor-button elementor-button-link elementor-size-sm\" href=\"https:\/\/nervous-montalcini.217-154-19-132.plesk.page\/?page_id=468\">\n\t\t\t\t\t\t<span class=\"elementor-button-content-wrapper\">\n\t\t\t\t\t\t\t\t\t<span class=\"elementor-button-text\">CITA<\/span>\n\t\t\t\t\t<\/span>\n\t\t\t\t\t<\/a>\n\t\t\t\t\t\t\t\t<\/div>\n\t\t\t\t<div class=\"elementor-element elementor-element-25b37951 elementor-button-info elementor-widget elementor-widget-button\" data-id=\"25b37951\" data-element_type=\"widget\" data-widget_type=\"button.default\">\n\t\t\t\t\t\t\t\t\t\t<a class=\"elementor-button elementor-button-link elementor-size-sm\" href=\"tel:+34678105662\">\n\t\t\t\t\t\t<span class=\"elementor-button-content-wrapper\">\n\t\t\t\t\t\t\t\t\t<span class=\"elementor-button-text\">LLAMAR<\/span>\n\t\t\t\t\t<\/span>\n\t\t\t\t\t<\/a>\n\t\t\t\t\t\t\t\t<\/div>\n\t\t\t\t<\/div>\n\t\t\t\t<\/div>\n\t\t<div class=\"elementor-element elementor-element-8f23e55 e-con-full e-flex e-con e-child\" data-id=\"8f23e55\" data-element_type=\"container\">\n\t\t\t\t<div class=\"elementor-element elementor-element-26f47a70 elementor-widget elementor-widget-image\" data-id=\"26f47a70\" data-element_type=\"widget\" data-widget_type=\"image.default\">\n\t\t\t\t\t\t\t\t\t\t\t\t\t\t\t<img fetchpriority=\"high\" decoding=\"async\" width=\"2560\" height=\"2560\" src=\"https:\/\/nervous-montalcini.217-154-19-132.plesk.page\/wp-content\/uploads\/2025\/09\/girl-on-the-couch-at-the-beautician-2025-02-10-10-03-45-utc-scaled.jpg\" class=\"attachment-full size-full wp-image-448\" alt=\"\" srcset=\"https:\/\/nervous-montalcini.217-154-19-132.plesk.page\/wp-content\/uploads\/2025\/09\/girl-on-the-couch-at-the-beautician-2025-02-10-10-03-45-utc-scaled.jpg 2560w, https:\/\/nervous-montalcini.217-154-19-132.plesk.page\/wp-content\/uploads\/2025\/09\/girl-on-the-couch-at-the-beautician-2025-02-10-10-03-45-utc-300x300.jpg 300w, https:\/\/nervous-montalcini.217-154-19-132.plesk.page\/wp-content\/uploads\/2025\/09\/girl-on-the-couch-at-the-beautician-2025-02-10-10-03-45-utc-1024x1024.jpg 1024w, https:\/\/nervous-montalcini.217-154-19-132.plesk.page\/wp-content\/uploads\/2025\/09\/girl-on-the-couch-at-the-beautician-2025-02-10-10-03-45-utc-150x150.jpg 150w, https:\/\/nervous-montalcini.217-154-19-132.plesk.page\/wp-content\/uploads\/2025\/09\/girl-on-the-couch-at-the-beautician-2025-02-10-10-03-45-utc-768x768.jpg 768w, https:\/\/nervous-montalcini.217-154-19-132.plesk.page\/wp-content\/uploads\/2025\/09\/girl-on-the-couch-at-the-beautician-2025-02-10-10-03-45-utc-1536x1536.jpg 1536w, https:\/\/nervous-montalcini.217-154-19-132.plesk.page\/wp-content\/uploads\/2025\/09\/girl-on-the-couch-at-the-beautician-2025-02-10-10-03-45-utc-2048x2048.jpg 2048w\" sizes=\"(max-width: 2560px) 100vw, 2560px\" \/>\t\t\t\t\t\t\t\t\t\t\t\t\t\t\t<\/div>\n\t\t\t\t<\/div>\n\t\t\t\t\t<\/div>\n\t\t\t\t<\/div>\n\t\t\t\t<\/div>\n\t\t","protected":false},"excerpt":{"rendered":"<p>Estimuladores de col\u00e1geno ROSTRO &#8211; CUELLO Los estimuladores de col\u00e1geno en Pamplona son tratamientos avanzados que activan la producci\u00f3n natural de col\u00e1geno en la piel. Est\u00e1n indicados para combatir la flacidez, mejorar la calidad de la piel y devolver firmeza al rostro y al cuello. A diferencia de los rellenos, no buscan aportar volumen inmediato, [&hellip;]<\/p>\n","protected":false},"author":3,"featured_media":0,"parent":0,"menu_order":0,"comment_status":"closed","ping_status":"closed","template":"","meta":{"footnotes":""},"class_list":["post-1224","page","type-page","status-publish","hentry"],"_links":{"self":[{"href":"https:\/\/nervous-montalcini.217-154-19-132.plesk.page\/index.php?rest_route=\/wp\/v2\/pages\/1224","targetHints":{"allow":["GET"]}}],"collection":[{"href":"https:\/\/nervous-montalcini.217-154-19-132.plesk.page\/index.php?rest_route=\/wp\/v2\/pages"}],"about":[{"href":"https:\/\/nervous-montalcini.217-154-19-132.plesk.page\/index.php?rest_route=\/wp\/v2\/types\/page"}],"author":[{"embeddable":true,"href":"https:\/\/nervous-montalcini.217-154-19-132.plesk.page\/index.php?rest_route=\/wp\/v2\/users\/3"}],"replies":[{"embeddable":true,"href":"https:\/\/nervous-montalcini.217-154-19-132.plesk.page\/index.php?rest_route=%2Fwp%2Fv2%2Fcomments&post=1224"}],"version-history":[{"count":13,"href":"https:\/\/nervous-montalcini.217-154-19-132.plesk.page\/index.php?rest_route=\/wp\/v2\/pages\/1224\/revisions"}],"predecessor-version":[{"id":1414,"href":"https:\/\/nervous-montalcini.217-154-19-132.plesk.page\/index.php?rest_route=\/wp\/v2\/pages\/1224\/revisions\/1414"}],"wp:attachment":[{"href":"https:\/\/nervous-montalcini.217-154-19-132.plesk.page\/index.php?rest_route=%2Fwp%2Fv2%2Fmedia&parent=1224"}],"curies":[{"name":"wp","href":"https:\/\/api.w.org\/{rel}","templated":true}]}}