{"id":1194,"date":"2025-09-12T10:47:47","date_gmt":"2025-09-12T10:47:47","guid":{"rendered":"https:\/\/nervous-montalcini.217-154-19-132.plesk.page\/?page_id=1194"},"modified":"2025-09-15T10:12:02","modified_gmt":"2025-09-15T10:12:02","slug":"rinomodelacion","status":"publish","type":"page","link":"https:\/\/nervous-montalcini.217-154-19-132.plesk.page\/?page_id=1194","title":{"rendered":"RINOMODELACI\u00d3N"},"content":{"rendered":"\t\t<div data-elementor-type=\"wp-page\" data-elementor-id=\"1194\" class=\"elementor elementor-1194\" data-elementor-post-type=\"page\">\n\t\t\t\t<div class=\"elementor-element elementor-element-39177e10 e-flex e-con-boxed e-con e-parent\" data-id=\"39177e10\" data-element_type=\"container\" data-settings=\"{&quot;background_background&quot;:&quot;classic&quot;}\">\n\t\t\t\t\t<div class=\"e-con-inner\">\n\t\t\t\t<div class=\"elementor-element elementor-element-412bdc05 elementor-widget elementor-widget-text-editor\" data-id=\"412bdc05\" data-element_type=\"widget\" data-widget_type=\"text-editor.default\">\n\t\t\t\t\t\t\t\t\t<p><a class=\"mayusculaserv\">RINOMODELACI\u00d3N<\/a><\/p>\t\t\t\t\t\t\t\t<\/div>\n\t\t\t\t\t<\/div>\n\t\t\t\t<\/div>\n\t\t<div class=\"elementor-element elementor-element-43302db0 e-flex e-con-boxed e-con e-parent\" data-id=\"43302db0\" data-element_type=\"container\" data-settings=\"{&quot;background_background&quot;:&quot;classic&quot;}\">\n\t\t\t\t\t<div class=\"e-con-inner\">\n\t\t\t\t<div class=\"elementor-element elementor-element-3e6e9d1f animated-slow elementor-widget__width-initial elementor-invisible elementor-widget elementor-widget-text-editor\" data-id=\"3e6e9d1f\" data-element_type=\"widget\" data-settings=\"{&quot;_animation&quot;:&quot;fadeInRight&quot;}\" data-widget_type=\"text-editor.default\">\n\t\t\t\t\t\t\t\t\t<p><strong><a class=\"mayus\">NARIZ<\/a><\/strong><\/p>\t\t\t\t\t\t\t\t<\/div>\n\t\t\t\t\t<\/div>\n\t\t\t\t<\/div>\n\t\t<div class=\"elementor-element elementor-element-6f3dd6ff e-flex e-con-boxed e-con e-parent\" data-id=\"6f3dd6ff\" data-element_type=\"container\">\n\t\t\t\t\t<div class=\"e-con-inner\">\n\t\t<div class=\"elementor-element elementor-element-49366311 e-con-full e-flex e-con e-child\" data-id=\"49366311\" data-element_type=\"container\">\n\t\t\t\t<div class=\"elementor-element elementor-element-7ad3c664 elementor-widget elementor-widget-text-editor\" data-id=\"7ad3c664\" data-element_type=\"widget\" data-widget_type=\"text-editor.default\">\n\t\t\t\t\t\t\t\t\t<p>La rinomodelaci\u00f3n en Pamplona es una t\u00e9cnica que permite mejorar la forma de la nariz sin necesidad de cirug\u00eda. Mediante peque\u00f1as infiltraciones de \u00e1cido hialur\u00f3nico se corrigen imperfecciones como la giba, la punta ca\u00edda o asimetr\u00edas leves. Es una opci\u00f3n ideal para quienes desean un cambio r\u00e1pido, seguro y sin tiempo de recuperaci\u00f3n. El procedimiento dura apenas unos minutos y los resultados son visibles de inmediato, logrando una nariz m\u00e1s arm\u00f3nica y equilibrada en el rostro.<\/p>\t\t\t\t\t\t\t\t<\/div>\n\t\t\t\t<\/div>\n\t\t<div class=\"elementor-element elementor-element-470dec3c e-con-full e-flex e-con e-child\" data-id=\"470dec3c\" data-element_type=\"container\" data-settings=\"{&quot;background_background&quot;:&quot;classic&quot;}\">\n\t\t\t\t<div class=\"elementor-element elementor-element-3169b004 elementor-widget elementor-widget-text-editor\" data-id=\"3169b004\" data-element_type=\"widget\" data-widget_type=\"text-editor.default\">\n\t\t\t\t\t\t\t\t\t<p>Nariz perfilada<\/p><p>Sin cirug\u00eda<\/p><p>Resultados inmediatos<\/p><p>Reversible<\/p>\t\t\t\t\t\t\t\t<\/div>\n\t\t\t\t<\/div>\n\t\t\t\t\t<\/div>\n\t\t\t\t<\/div>\n\t\t<div class=\"elementor-element elementor-element-6fd00e25 e-flex e-con-boxed e-con e-parent\" data-id=\"6fd00e25\" data-element_type=\"container\" data-settings=\"{&quot;background_background&quot;:&quot;classic&quot;}\">\n\t\t\t\t\t<div class=\"e-con-inner\">\n\t\t<div class=\"elementor-element elementor-element-57aabbce e-con-full e-flex e-con e-child\" data-id=\"57aabbce\" data-element_type=\"container\">\n\t\t\t\t<div class=\"elementor-element elementor-element-6189c6fe elementor-widget elementor-widget-text-editor\" data-id=\"6189c6fe\" data-element_type=\"widget\" data-widget_type=\"text-editor.default\">\n\t\t\t\t\t\t\t\t\t<p>Este tratamiento consiste en la aplicaci\u00f3n de \u00e1cido hialur\u00f3nico en puntos estrat\u00e9gicos de la nariz para remodelar su forma. En nuestra cl\u00ednica est\u00e9tica en Pamplona se realiza de forma personalizada, garantizando un resultado natural y reversible.<\/p>\t\t\t\t\t\t\t\t<\/div>\n\t\t<div class=\"elementor-element elementor-element-11ca075a e-con-full e-flex e-con e-child\" data-id=\"11ca075a\" data-element_type=\"container\">\n\t\t\t\t<div class=\"elementor-element elementor-element-7d7b1cfe elementor-widget elementor-widget-button\" data-id=\"7d7b1cfe\" data-element_type=\"widget\" data-widget_type=\"button.default\">\n\t\t\t\t\t\t\t\t\t\t<a class=\"elementor-button elementor-button-link elementor-size-sm\" href=\"https:\/\/nervous-montalcini.217-154-19-132.plesk.page\/?page_id=468\">\n\t\t\t\t\t\t<span class=\"elementor-button-content-wrapper\">\n\t\t\t\t\t\t\t\t\t<span class=\"elementor-button-text\">CITA<\/span>\n\t\t\t\t\t<\/span>\n\t\t\t\t\t<\/a>\n\t\t\t\t\t\t\t\t<\/div>\n\t\t\t\t<div class=\"elementor-element elementor-element-1e15f5b0 elementor-button-info elementor-widget elementor-widget-button\" data-id=\"1e15f5b0\" data-element_type=\"widget\" data-widget_type=\"button.default\">\n\t\t\t\t\t\t\t\t\t\t<a class=\"elementor-button elementor-button-link elementor-size-sm\" href=\"tel:+34678105662\">\n\t\t\t\t\t\t<span class=\"elementor-button-content-wrapper\">\n\t\t\t\t\t\t\t\t\t<span class=\"elementor-button-text\">LLAMAR<\/span>\n\t\t\t\t\t<\/span>\n\t\t\t\t\t<\/a>\n\t\t\t\t\t\t\t\t<\/div>\n\t\t\t\t<\/div>\n\t\t\t\t<\/div>\n\t\t<div class=\"elementor-element elementor-element-6fac8867 e-con-full e-flex e-con e-child\" data-id=\"6fac8867\" data-element_type=\"container\">\n\t\t\t\t<div class=\"elementor-element elementor-element-6e89313b elementor-widget elementor-widget-image\" data-id=\"6e89313b\" data-element_type=\"widget\" data-widget_type=\"image.default\">\n\t\t\t\t\t\t\t\t\t\t\t\t\t\t\t<img fetchpriority=\"high\" decoding=\"async\" width=\"2560\" height=\"2560\" src=\"https:\/\/nervous-montalcini.217-154-19-132.plesk.page\/wp-content\/uploads\/2025\/09\/girl-on-the-couch-at-the-beautician-2025-02-10-10-03-45-utc-scaled.jpg\" class=\"attachment-full size-full wp-image-448\" alt=\"\" srcset=\"https:\/\/nervous-montalcini.217-154-19-132.plesk.page\/wp-content\/uploads\/2025\/09\/girl-on-the-couch-at-the-beautician-2025-02-10-10-03-45-utc-scaled.jpg 2560w, https:\/\/nervous-montalcini.217-154-19-132.plesk.page\/wp-content\/uploads\/2025\/09\/girl-on-the-couch-at-the-beautician-2025-02-10-10-03-45-utc-300x300.jpg 300w, https:\/\/nervous-montalcini.217-154-19-132.plesk.page\/wp-content\/uploads\/2025\/09\/girl-on-the-couch-at-the-beautician-2025-02-10-10-03-45-utc-1024x1024.jpg 1024w, https:\/\/nervous-montalcini.217-154-19-132.plesk.page\/wp-content\/uploads\/2025\/09\/girl-on-the-couch-at-the-beautician-2025-02-10-10-03-45-utc-150x150.jpg 150w, https:\/\/nervous-montalcini.217-154-19-132.plesk.page\/wp-content\/uploads\/2025\/09\/girl-on-the-couch-at-the-beautician-2025-02-10-10-03-45-utc-768x768.jpg 768w, https:\/\/nervous-montalcini.217-154-19-132.plesk.page\/wp-content\/uploads\/2025\/09\/girl-on-the-couch-at-the-beautician-2025-02-10-10-03-45-utc-1536x1536.jpg 1536w, https:\/\/nervous-montalcini.217-154-19-132.plesk.page\/wp-content\/uploads\/2025\/09\/girl-on-the-couch-at-the-beautician-2025-02-10-10-03-45-utc-2048x2048.jpg 2048w\" sizes=\"(max-width: 2560px) 100vw, 2560px\" \/>\t\t\t\t\t\t\t\t\t\t\t\t\t\t\t<\/div>\n\t\t\t\t<\/div>\n\t\t\t\t\t<\/div>\n\t\t\t\t<\/div>\n\t\t\t\t<\/div>\n\t\t","protected":false},"excerpt":{"rendered":"<p>RINOMODELACI\u00d3N NARIZ La rinomodelaci\u00f3n en Pamplona es una t\u00e9cnica que permite mejorar la forma de la nariz sin necesidad de cirug\u00eda. Mediante peque\u00f1as infiltraciones de \u00e1cido hialur\u00f3nico se corrigen imperfecciones como la giba, la punta ca\u00edda o asimetr\u00edas leves. Es una opci\u00f3n ideal para quienes desean un cambio r\u00e1pido, seguro y sin tiempo de recuperaci\u00f3n. [&hellip;]<\/p>\n","protected":false},"author":3,"featured_media":0,"parent":0,"menu_order":0,"comment_status":"closed","ping_status":"closed","template":"","meta":{"footnotes":""},"class_list":["post-1194","page","type-page","status-publish","hentry"],"_links":{"self":[{"href":"https:\/\/nervous-montalcini.217-154-19-132.plesk.page\/index.php?rest_route=\/wp\/v2\/pages\/1194","targetHints":{"allow":["GET"]}}],"collection":[{"href":"https:\/\/nervous-montalcini.217-154-19-132.plesk.page\/index.php?rest_route=\/wp\/v2\/pages"}],"about":[{"href":"https:\/\/nervous-montalcini.217-154-19-132.plesk.page\/index.php?rest_route=\/wp\/v2\/types\/page"}],"author":[{"embeddable":true,"href":"https:\/\/nervous-montalcini.217-154-19-132.plesk.page\/index.php?rest_route=\/wp\/v2\/users\/3"}],"replies":[{"embeddable":true,"href":"https:\/\/nervous-montalcini.217-154-19-132.plesk.page\/index.php?rest_route=%2Fwp%2Fv2%2Fcomments&post=1194"}],"version-history":[{"count":7,"href":"https:\/\/nervous-montalcini.217-154-19-132.plesk.page\/index.php?rest_route=\/wp\/v2\/pages\/1194\/revisions"}],"predecessor-version":[{"id":1376,"href":"https:\/\/nervous-montalcini.217-154-19-132.plesk.page\/index.php?rest_route=\/wp\/v2\/pages\/1194\/revisions\/1376"}],"wp:attachment":[{"href":"https:\/\/nervous-montalcini.217-154-19-132.plesk.page\/index.php?rest_route=%2Fwp%2Fv2%2Fmedia&parent=1194"}],"curies":[{"name":"wp","href":"https:\/\/api.w.org\/{rel}","templated":true}]}}